{"id":2,"date":"2009-07-14T23:51:10","date_gmt":"2009-07-14T20:51:10","guid":{"rendered":"http:\/\/ramuuns.id.lv\/blog\/?page_id=2"},"modified":"2014-06-18T01:19:32","modified_gmt":"2014-06-17T22:19:32","slug":"par","status":"publish","type":"page","link":"https:\/\/ramuuns.com\/blog\/par\/","title":{"rendered":"Par mani"},"content":{"rendered":"<p>Aha &#8211; klasiskais jaut\u0101jums &#8211; \u043a\u0442\u043e \u0442\u044b?<\/p>\n<p>Pam\u0113\u0123in\u0101sim atbild\u0113t :<\/p>\n<p>Mani sauc Ram\u016bns Usovs, n\u0101cis pasaul\u0113 esmu ziemas vid\u016b, da\u017eas ned\u0113\u013cas pirms <a href=\"http:\/\/en.wikipedia.org\/wiki\/Yuri_Andropov\">Jurijs Andropovs<\/a> aizg\u0101ja pie dieviem (lai gan ir aizdomas, ka \u0161im cilv\u0113kam reli\u0123ija var\u0113ja neb\u016bt tuva). Dzimt\u0101 pils\u0113ta &#8211; Klaip\u0113da.<\/p>\n<p>Da\u017eus gadus v\u0113l\u0101k mani p\u0101rc\u0113la uz R\u012bgu. Te es piedz\u012bvoju tre\u0161o atdmodu, s\u0101ku iet skol\u0101. Tad ap gadu devi\u0146desmit piekto, pateicoties Latvijas Republikas \u0100rlietu ministrijai, ar CCCP \u0101rzemju pasi kabat\u0101 tiku aizs\u016bt\u012bts tr\u012bs gadus padz\u012bvot Stokholm\u0101. Tur es paman\u012bjos aizmirst krievu valodu, pasliktin\u0101t savas matem\u0101tikas zin\u0101\u0161anas un k\u013c\u016bt par <em>g\u012bku<\/em>.<\/p>\n<p>Kas m\u016bs, protams, atkal atgrie\u017e pie R\u012bgas, kur man bija t\u0101 laime divos gados uz teju desmit gadiem iedz\u012bt sev\u012b nepatiku pret koru m\u016bziku pateicoties Marijai Brazovskai. Toties dab\u016bju pamatizgl\u012bt\u012bbu, kas ar\u012b nav slikti.<\/p>\n<p>Mani atkal izgl\u0101ba \u0100rlietu ministrija, pateicoties kurai, savu vid\u0113jo izgl\u012bt\u012bbu ieguvu Baltkrievij\u0101. A tur saprotiet, mani iem\u0101c\u012bja m\u012bl\u0113t <em>\u043f\u043e\u043f\u0441\u0443<\/em>, Bulg\u0101kovu un v\u0113sturi. K\u0101 ar\u012b to, ka \u043d\u0430 \u043f\u0435\u0440\u0432\u0443\u044e \u043d\u0435 \u0437\u0430\u043a\u0443\u0441\u0438\u0432\u0430\u044e\u0442.<\/p>\n<p>Lai nu k\u0101, bet, kad 2002. gad\u0101 izdom\u0101ju, ka filolo\u0123ija mani tik \u013coti tom\u0113r neinters\u0113 un iest\u0101jos t\u0101 laika LU FMF DN. Ko veiksm\u012bgi ar\u012b \u010detrus gadus v\u0113l\u0101k pabeidzu. \u0160aj\u0101 laika posm\u0101 iepazinos ar b\u016bt\u012bb\u0101 visiem interesantajiem cilv\u0113kiem, ar kuriem vair\u0101k vai maz\u0101k v\u0113l joproj\u0101m m\u0113dzu aprun\u0101ties. Piem\u0113ram, pateicoties d\u012bvainai futbola mened\u017ementa sp\u0113l\u012btei, iepazinos ar biedru Uldi Zari\u0146u, kas savuk\u0101rt nu jau ir novedis mani pie <a href=\"http:\/\/voiska.lv\">Voiceks Voiska<\/a> mened\u017e\u0113\u0161anas.<\/p>\n<p>T\u0101pat, padarbojoties FMFSP, iepazinu daudzus lieliskus cilv\u0113kus, pateicoties kuriem, iz\u0101rst\u0113ju savu naidu pret koriem, un nu jau k\u0101du laiku dziedu <a href=\"http:\/\/www.koris-aura.lv\">LU FMF Jauktaj\u0101 kor\u012b Aura.<\/a><\/p>\n<p>Kop\u0161 2013. gada novembra <del>dze<\/del>dz\u012bvoju Amsterdam\u0101, kur pavadu laiku str\u0101d\u0101jot <a href=\"http:\/\/booking.com\">booking.com<\/a><del><\/del><\/p>\n","protected":false},"excerpt":{"rendered":"<p>Aha &#8211; klasiskais jaut\u0101jums &#8211; \u043a\u0442\u043e \u0442\u044b? Pam\u0113\u0123in\u0101sim atbild\u0113t : Mani sauc Ram\u016bns Usovs, n\u0101cis pasaul\u0113 esmu ziemas vid\u016b, da\u017eas ned\u0113\u013cas pirms Jurijs Andropovs aizg\u0101ja pie dieviem (lai gan ir aizdomas, ka \u0161im cilv\u0113kam reli\u0123ija var\u0113ja neb\u016bt tuva). Dzimt\u0101 pils\u0113ta &#8211; Klaip\u0113da. Da\u017eus gadus v\u0113l\u0101k mani p\u0101rc\u0113la uz R\u012bgu. Te es piedz\u012bvoju tre\u0161o atdmodu, s\u0101ku [&hellip;]<\/p>\n","protected":false},"author":1,"featured_media":0,"parent":0,"menu_order":0,"comment_status":"open","ping_status":"open","template":"","meta":[],"_links":{"self":[{"href":"https:\/\/ramuuns.com\/blog\/wp-json\/wp\/v2\/pages\/2"}],"collection":[{"href":"https:\/\/ramuuns.com\/blog\/wp-json\/wp\/v2\/pages"}],"about":[{"href":"https:\/\/ramuuns.com\/blog\/wp-json\/wp\/v2\/types\/page"}],"author":[{"embeddable":true,"href":"https:\/\/ramuuns.com\/blog\/wp-json\/wp\/v2\/users\/1"}],"replies":[{"embeddable":true,"href":"https:\/\/ramuuns.com\/blog\/wp-json\/wp\/v2\/comments?post=2"}],"version-history":[{"count":4,"href":"https:\/\/ramuuns.com\/blog\/wp-json\/wp\/v2\/pages\/2\/revisions"}],"predecessor-version":[{"id":647,"href":"https:\/\/ramuuns.com\/blog\/wp-json\/wp\/v2\/pages\/2\/revisions\/647"}],"wp:attachment":[{"href":"https:\/\/ramuuns.com\/blog\/wp-json\/wp\/v2\/media?parent=2"}],"curies":[{"name":"wp","href":"https:\/\/api.w.org\/{rel}","templated":true}]}}