{"id":66,"date":"2009-10-12T21:41:18","date_gmt":"2009-10-12T18:41:18","guid":{"rendered":"http:\/\/ramuuns.id.lv\/blog\/?page_id=66"},"modified":"2009-10-12T22:03:55","modified_gmt":"2009-10-12T19:03:55","slug":"lekciju-pieraksti","status":"publish","type":"page","link":"https:\/\/ramuuns.com\/blog\/lekciju-pieraksti\/","title":{"rendered":"Lekciju pieraksti"},"content":{"rendered":"<p>Es te t\u0101 pie sevis padom\u0101ju un izl\u0113mu, ka var\u0113tu m\u0113\u0123in\u0101t public\u0113t vismaz da\u017eus lekciju pierakstus, kuri man te rodas stud\u0113jot. Ja nu k\u0101dam v\u0113l noder.<\/p>\n<p>Pagaid\u0101m te ir pieejami \u0161ie pieraksti:<\/p>\n<p><a href=\"\/blog\/lekciju-pieraksti\/matematiska-analize-i\/\">Matem\u0101tisk\u0101 anal\u012bze I (Asmuss)<\/a><\/p>\n","protected":false},"excerpt":{"rendered":"<p>Es te t\u0101 pie sevis padom\u0101ju un izl\u0113mu, ka var\u0113tu m\u0113\u0123in\u0101t public\u0113t vismaz da\u017eus lekciju pierakstus, kuri man te rodas stud\u0113jot. Ja nu k\u0101dam v\u0113l noder. Pagaid\u0101m te ir pieejami \u0161ie pieraksti: Matem\u0101tisk\u0101 anal\u012bze I (Asmuss)<\/p>\n","protected":false},"author":1,"featured_media":0,"parent":0,"menu_order":0,"comment_status":"open","ping_status":"open","template":"","meta":[],"_links":{"self":[{"href":"https:\/\/ramuuns.com\/blog\/wp-json\/wp\/v2\/pages\/66"}],"collection":[{"href":"https:\/\/ramuuns.com\/blog\/wp-json\/wp\/v2\/pages"}],"about":[{"href":"https:\/\/ramuuns.com\/blog\/wp-json\/wp\/v2\/types\/page"}],"author":[{"embeddable":true,"href":"https:\/\/ramuuns.com\/blog\/wp-json\/wp\/v2\/users\/1"}],"replies":[{"embeddable":true,"href":"https:\/\/ramuuns.com\/blog\/wp-json\/wp\/v2\/comments?post=66"}],"version-history":[{"count":3,"href":"https:\/\/ramuuns.com\/blog\/wp-json\/wp\/v2\/pages\/66\/revisions"}],"predecessor-version":[{"id":76,"href":"https:\/\/ramuuns.com\/blog\/wp-json\/wp\/v2\/pages\/66\/revisions\/76"}],"wp:attachment":[{"href":"https:\/\/ramuuns.com\/blog\/wp-json\/wp\/v2\/media?parent=66"}],"curies":[{"name":"wp","href":"https:\/\/api.w.org\/{rel}","templated":true}]}}