{"id":68,"date":"2009-10-12T21:45:22","date_gmt":"2009-10-12T18:45:22","guid":{"rendered":"http:\/\/ramuuns.id.lv\/blog\/?page_id=68"},"modified":"2009-10-15T19:17:38","modified_gmt":"2009-10-15T16:17:38","slug":"matematiska-analize-i","status":"publish","type":"page","link":"https:\/\/ramuuns.com\/blog\/lekciju-pieraksti\/matematiska-analize-i\/","title":{"rendered":"Matem\u0101tisk\u0101 anal\u012bze I"},"content":{"rendered":"<p>Te viss savuk\u0101rt ir sadal\u012bts aptuveni t\u0101d\u0101s pa\u0161\u0101s noda\u013c\u0101s, k\u0101 pie pasniedz\u0113jas.<\/p>\n<p>1. <a href=\"\/blog\/2009\/10\/12\/kopu-teorijas-elementi\">Kopu teorijas elementi<\/a><\/p>\n<p>2. <a href=\"\/blog\/2009\/10\/15\/skaitlu-teorijas-elementi\/\">Skait\u013cu teorijas elementi<\/a><\/p>\n<p>3. Skait\u013cu virknes robe\u017ea<\/p>\n<p>D\u017eeneric inform\u0101cija par priek\u0161metu, ja nu k\u0101ds nepierakst\u012bja:<\/p>\n<p style=\"margin: 0in; font-family: Calibri; font-size: 11.0pt;\">Pasniedz\u0113ja: Svetlana Asmuss (237)<\/p>\n<p style=\"margin: 0in; font-family: Calibri; font-size: 11.0pt;\">Kop\u0101: 26kp<\/p>\n<p style=\"margin: 0in; font-family: Calibri; font-size: 11.0pt;\">Anal\u012bze I: 6<\/p>\n<p style=\"margin: 0in; font-family: Calibri; font-size: 11.0pt;\">Anal\u012bze II: 8<\/p>\n<p style=\"margin: 0in; font-family: Calibri; font-size: 11.0pt;\">Anal\u012bze III: 8<\/p>\n<p style=\"margin: 0in; font-family: Calibri; font-size: 11.0pt;\">Anal\u012bze IV: 4<\/p>\n<p style=\"margin: 0in;\">\n<p style=\"margin: 0in; font-family: Calibri; font-size: 11.0pt;\">Anal\u012bze I<\/p>\n<p style=\"margin: 0in; font-family: Calibri; font-size: 11.0pt;\">1 argumenta f-ju diferenci\u0101lr\u0113\u0137ini<\/p>\n<p style=\"margin: 0in; font-family: Calibri; font-size: 11.0pt;\">\n<p style=\"margin: 0in; font-family: Calibri; font-size: 11.0pt;\">Anal\u012bze II<\/p>\n<p style=\"margin: 0in; font-family: Calibri; font-size: 11.0pt;\">1 arg f-ju integr\u0101lr\u0113\u0137ini; vair\u0101kargumentu funckuju diferenci\u0101lr\u0113\u0137ini<\/p>\n<p style=\"margin: 0in; font-family: Calibri; font-size: 11.0pt;\">\n<p style=\"margin: 0in; font-family: Calibri; font-size: 11.0pt;\">Anal\u012bze III<\/p>\n<p style=\"margin: 0in; font-family: Calibri; font-size: 11.0pt;\">Vair\u0101kargumentu funkciju integr\u0101lr\u0113\u0137ini<\/p>\n<p style=\"margin: 0in; font-family: Calibri; font-size: 11.0pt;\">\n<p style=\"margin: 0in; font-family: Calibri; font-size: 11.0pt;\">Anal\u012bze IV<\/p>\n<p style=\"margin: 0in; font-family: Calibri; font-size: 11.0pt;\">Rindas<\/p>\n<p style=\"margin: 0in;\">\n<p style=\"margin: 0in; font-family: Calibri; font-size: 11.0pt;\">Praktiskie darbi: Ingr\u012bda U\u013cjane (232)<\/p>\n<p style=\"margin: 0in;\">\n<p style=\"margin: 0in; font-family: Calibri; font-size: 11.0pt;\">B\u016bs MKD ( reizi aptuveni ned\u0113\u013c\u0101) (neizzi\u0146oti)<br \/>\nTajos b\u016bs p\u0113d\u0113jo divu lekciju viela<\/p>\n<p style=\"margin: 0in; font-family: Calibri; font-size: 11.0pt;\">\n<p style=\"margin: 0in; font-family: Calibri; font-size: 11.0pt;\">B\u016bs \u010detri LKD (izzi\u0146oti)<\/p>\n<p style=\"margin: 0in; font-family: Calibri; font-size: 11.0pt;\">\n<p style=\"margin: 0in; font-family: Calibri; font-size: 11.0pt;\">Visiem p\u0101rbaudes darbiem j\u0101b\u016bt sekm\u012bgi uzraks\u012btiem, p\u0101rrakst\u012bt var konsult\u0101cij\u0101s<\/p>\n<p style=\"margin: 0in; font-family: Calibri; font-size: 11.0pt;\">Pirmd. 18:15; tre\u0161dien 14:30<\/p>\n<p style=\"margin: 0in;\">\n<p style=\"margin: 0in; font-family: Calibri; font-size: 11.0pt;\">Eks\u0101mens: 2 teorijas jaut\u0101jumi + 1 uzdevums<\/p>\n<p style=\"margin: 0in; font-family: Calibri; font-size: 11.0pt;\">\n","protected":false},"excerpt":{"rendered":"<p>Te viss savuk\u0101rt ir sadal\u012bts aptuveni t\u0101d\u0101s pa\u0161\u0101s noda\u013c\u0101s, k\u0101 pie pasniedz\u0113jas. 1. Kopu teorijas elementi 2. Skait\u013cu teorijas elementi 3. Skait\u013cu virknes robe\u017ea D\u017eeneric inform\u0101cija par priek\u0161metu, ja nu k\u0101ds nepierakst\u012bja: Pasniedz\u0113ja: Svetlana Asmuss (237) Kop\u0101: 26kp Anal\u012bze I: 6 Anal\u012bze II: 8 Anal\u012bze III: 8 Anal\u012bze IV: 4 Anal\u012bze I 1 argumenta f-ju [&hellip;]<\/p>\n","protected":false},"author":1,"featured_media":0,"parent":66,"menu_order":0,"comment_status":"open","ping_status":"open","template":"","meta":[],"_links":{"self":[{"href":"https:\/\/ramuuns.com\/blog\/wp-json\/wp\/v2\/pages\/68"}],"collection":[{"href":"https:\/\/ramuuns.com\/blog\/wp-json\/wp\/v2\/pages"}],"about":[{"href":"https:\/\/ramuuns.com\/blog\/wp-json\/wp\/v2\/types\/page"}],"author":[{"embeddable":true,"href":"https:\/\/ramuuns.com\/blog\/wp-json\/wp\/v2\/users\/1"}],"replies":[{"embeddable":true,"href":"https:\/\/ramuuns.com\/blog\/wp-json\/wp\/v2\/comments?post=68"}],"version-history":[{"count":4,"href":"https:\/\/ramuuns.com\/blog\/wp-json\/wp\/v2\/pages\/68\/revisions"}],"predecessor-version":[{"id":82,"href":"https:\/\/ramuuns.com\/blog\/wp-json\/wp\/v2\/pages\/68\/revisions\/82"}],"up":[{"embeddable":true,"href":"https:\/\/ramuuns.com\/blog\/wp-json\/wp\/v2\/pages\/66"}],"wp:attachment":[{"href":"https:\/\/ramuuns.com\/blog\/wp-json\/wp\/v2\/media?parent=68"}],"curies":[{"name":"wp","href":"https:\/\/api.w.org\/{rel}","templated":true}]}}